{"id":3356,"date":"2025-07-28T17:08:53","date_gmt":"2025-07-28T16:08:53","guid":{"rendered":"https:\/\/erbel.eus\/erbel-bee-test-app\/"},"modified":"2026-04-18T09:22:36","modified_gmt":"2026-04-18T08:22:36","slug":"erbel-bee-test-app","status":"publish","type":"page","link":"https:\/\/erbel.eus\/fr\/erbel-bee-test-app\/","title":{"rendered":"Erbel Bee Test"},"content":{"rendered":"\n<figure class=\"wp-block-image size-large\"><img data-recalc-dims=\"1\" fetchpriority=\"high\" decoding=\"async\" width=\"1024\" height=\"453\" src=\"https:\/\/i0.wp.com\/erbel.eus\/wp-content\/uploads\/2025\/09\/Ataun_APP_7.jpg?resize=1024%2C453&#038;ssl=1\" alt=\"\" class=\"wp-image-3396\" srcset=\"https:\/\/i0.wp.com\/erbel.eus\/wp-content\/uploads\/2025\/09\/Ataun_APP_7-scaled.jpg?resize=1024%2C453&amp;ssl=1 1024w, https:\/\/i0.wp.com\/erbel.eus\/wp-content\/uploads\/2025\/09\/Ataun_APP_7-scaled.jpg?resize=300%2C133&amp;ssl=1 300w, https:\/\/i0.wp.com\/erbel.eus\/wp-content\/uploads\/2025\/09\/Ataun_APP_7-scaled.jpg?resize=768%2C340&amp;ssl=1 768w, https:\/\/i0.wp.com\/erbel.eus\/wp-content\/uploads\/2025\/09\/Ataun_APP_7-scaled.jpg?resize=1536%2C679&amp;ssl=1 1536w, https:\/\/i0.wp.com\/erbel.eus\/wp-content\/uploads\/2025\/09\/Ataun_APP_7-scaled.jpg?w=2048&amp;ssl=1 2048w\" sizes=\"(max-width: 1024px) 100vw, 1024px\" \/><\/figure>\n\n<p><br\/><strong>Cliquez pour acc\u00e9der \u00e0 la version web de l\u2019application&#13;\n<\/strong>:<\/p>\n\n<div class=\"wp-block-buttons is-content-justification-center is-layout-flex wp-container-core-buttons-is-layout-1 wp-block-buttons-is-layout-flex\">\n<div class=\"wp-block-button is-style-outline is-style-outline--1\"><a class=\"wp-block-button__link has-text-align-center wp-element-button\" href=\"https:\/\/erbel.eus\/beetest\/application\/erlezaina\/login.php\">ERBEL BEE TEST<\/a><\/div>\n<\/div>\n\n<div class=\"wp-block-group has-base-background-color has-background has-medium-font-size is-vertical is-layout-flex wp-container-core-group-is-layout-2 wp-block-group-is-layout-flex\" style=\"font-style:normal;font-weight:600\">\n<div class=\"wp-block-group\"><div class=\"wp-block-group__inner-container is-layout-constrained wp-block-group-is-layout-constrained\">\n<p>Attention ! Pour acc\u00e9der aux fonctionnalit\u00e9s, l\u2019utilisateur doit disposer de l\u2019autorisation d\u2019ERBEL. Une version gratuite sera disponible au cours de cette ann\u00e9e.&#13;\n<\/p>\n\n\n\n<p>Pour obtenir cette autorisation, \u00e9crivez-nous \u00e0: info@erbel.eus.<\/p>\n\n\n\n<p>Une fois l\u2019autorisation obtenue, vous pouvez utiliser la version mobile disponible sur le Play Store ou acc\u00e9der directement au site web depuis cette page en cliquant sur le bouton ci-dessus.<\/p>\n<\/div><\/div>\n<\/div>\n\n<figure class=\"wp-block-embed is-type-video is-provider-youtube wp-block-embed-youtube wp-embed-aspect-16-9 wp-has-aspect-ratio\"><div class=\"wp-block-embed__wrapper\">\r\n<iframe title=\"ERBEL BEE TEST\" width=\"1200\" height=\"675\" src=\"https:\/\/www.youtube.com\/embed\/rji6rxxwX2k?feature=oembed\" frameborder=\"0\" allow=\"accelerometer; autoplay; clipboard-write; encrypted-media; gyroscope; picture-in-picture; web-share\" referrerpolicy=\"strict-origin-when-cross-origin\" allowfullscreen><\/iframe>\r\n<\/div><\/figure>\r\n\n<p><strong>L\u2019application ERBEL Bee Test<\/strong> permet de recueillir, stocker et exporter les donn\u00e9es de performance et de comportement des colonies d\u2019abeilles. Les utilisateurs peuvent \u00eatre aussi bien des collectifs participant \u00e0 des programmes d\u2019am\u00e9lioration et ayant besoin d\u2019un suivi approfondi de leurs reines que des apiculteurs particuliers souhaitant enregistrer et conserver les donn\u00e9es de leurs colonies.<\/p>\n\n<p>Avec <strong>ERBEL Bee Test<\/strong>, vous pouvez:<\/p>\n\n<ul class=\"wp-block-list\">\n<li>Record testing data clearly and in an organized way.<\/li>\n\n\n\n<li>Store historical data and access it whenever needed.<\/li>\n\n\n\n<li>Prevent errors and validate the information.<\/li>\n\n\n\n<li>Les t\u00e9l\u00e9verser directement sur la plateforme Beebreed.<\/li>\n\n\n\n<li>Detect failures during the testing process.<\/li>\n\n\n\n<li>Carry out a pre-selection of queens based on objective data.<\/li>\n\n\n\n<li>Cr\u00e9er un fichier CSV (Excel) avec toutes les donn\u00e9es stock\u00e9es.<\/li>\n<\/ul>\n\n<p>Langues disponibles: basque, fran\u00e7ais, espagnol, anglais, allemand et danois.<\/p>\n\n<p><strong>Si vous \u00eates int\u00e9ress\u00e9 et souhaitez recevoir l\u2019autorisation, \u00e9crivez-nous \u00e0: info@erbel.eus<\/strong>.<\/p>\n\n<hr class=\"wp-block-separator has-alpha-channel-opacity\"\/>\n\n<h3 class=\"wp-block-heading has-text-align-center\">Comment collecter des donn\u00e9es sur les reines?<\/h3>\n\n<ul class=\"wp-block-list\">\n<li>Introduction aux tests de performance<\/li>\n<\/ul>\n\n<iframe width=\"100%\" height=\"400\" src=\"https:\/\/www.youtube.com\/embed\/MohNwM7v774?cc_load_policy=1&#038;hl=fr&#038;cc_lang_pref=fr&#038;as_at=1\" frameborder=\"0\" allow=\"accelerometer; autoplay; clipboard-write; encrypted-media; gyroscope; picture-in-picture\" allowfullscreen=\"\">\r\n<\/iframe>\n\n<ul class=\"wp-block-list\">\n<li>Force, douceur et tendance \u00e0 l&rsquo;essaimage des abeilles sur le cadre <\/li>\n<\/ul>\n\n<iframe width=\"100%\" height=\"400\" src=\"https:\/\/www.youtube.com\/embed\/fRAS5QbI3n8?cc_load_policy=1&#038;hl=es&#038;cc_lang_pref=es\" frameborder=\"0\" allow=\"accelerometer; autoplay; clipboard-write; encrypted-media; gyroscope; picture-in-picture\" allowfullscreen=\"\">\r\n<\/iframe>\r\n\n<ul class=\"wp-block-list\">\n<li>Tendance \u00e0 l&rsquo;essaimage<\/li>\n<\/ul>\n\n<iframe width=\"100%\" height=\"400\" src=\"https:\/\/www.youtube.com\/embed\/6zRh09L82uE?cc_load_policy=1&#038;hl=es&#038;cc_lang_pref=es\" frameborder=\"0\" allow=\"accelerometer; autoplay; clipboard-write; encrypted-media; gyroscope; picture-in-picture\" allowfullscreen=\"\">\r\n<\/iframe>\r\n\n<ul class=\"wp-block-list\">\n<li>Test d&rsquo;hygi\u00e8ne<\/li>\n<\/ul>\n\n<iframe width=\"100%\" height=\"400\" src=\"https:\/\/www.youtube.com\/embed\/i5-z2_2Xw-0?cc_load_policy=1&#038;hl=es&#038;cc_lang_pref=es\" frameborder=\"0\" allow=\"accelerometer; autoplay; clipboard-write; encrypted-media; gyroscope; picture-in-picture\" allowfullscreen=\"\">\r\n<\/iframe>\r\n\n<ul class=\"wp-block-list\">\n<li>Infestation par le varroa<\/li>\n<\/ul>\n\n<iframe width=\"100%\" height=\"400\" src=\"https:\/\/www.youtube.com\/embed\/MQU22KDwnzw?cc_load_policy=1&#038;hl=es&#038;cc_lang_pref=es\" frameborder=\"0\" allow=\"accelerometer; autoplay; clipboard-write; encrypted-media; gyroscope; picture-in-picture\" allowfullscreen=\"\">\r\n<\/iframe>\r\n\n<ul class=\"wp-block-list\">\n<li>Production de miel<\/li>\n<\/ul>\n\n<iframe width=\"100%\" height=\"400\" src=\"https:\/\/www.youtube.com\/embed\/1jA9-HKsc1g?cc_load_policy=1&#038;hl=es&#038;cc_lang_pref=es\" frameborder=\"0\" allow=\"accelerometer; autoplay; clipboard-write; encrypted-media; gyroscope; picture-in-picture\" allowfullscreen=\"\">\r\n<\/iframe>\r\n\n<p><\/p>\n<div class=\"wp-block-image\">\n<figure class=\"aligncenter size-large is-resized\"><img data-recalc-dims=\"1\" decoding=\"async\" width=\"1024\" height=\"337\" src=\"https:\/\/i0.wp.com\/erbel.eus\/wp-content\/uploads\/2025\/12\/EJ.png?resize=1024%2C337&#038;ssl=1\" alt=\"\" class=\"wp-image-3712\" style=\"width:265px;height:auto\" srcset=\"https:\/\/i0.wp.com\/erbel.eus\/wp-content\/uploads\/2025\/12\/EJ.png?resize=1024%2C337&amp;ssl=1 1024w, https:\/\/i0.wp.com\/erbel.eus\/wp-content\/uploads\/2025\/12\/EJ.png?resize=300%2C99&amp;ssl=1 300w, https:\/\/i0.wp.com\/erbel.eus\/wp-content\/uploads\/2025\/12\/EJ.png?resize=768%2C253&amp;ssl=1 768w, https:\/\/i0.wp.com\/erbel.eus\/wp-content\/uploads\/2025\/12\/EJ.png?w=1033&amp;ssl=1 1033w\" sizes=\"(max-width: 1024px) 100vw, 1024px\" \/><\/figure><\/div>","protected":false},"excerpt":{"rendered":"<p>Cliquez pour acc\u00e9der \u00e0 la version web de l\u2019application&#13; : Attention ! Pour acc\u00e9der aux fonctionnalit\u00e9s, l\u2019utilisateur doit disposer de l\u2019autorisation d\u2019ERBEL. Une version gratuite sera disponible au cours de cette ann\u00e9e.&#13; Pour obtenir cette autorisation, \u00e9crivez-nous \u00e0: info@erbel.eus. Une fois l\u2019autorisation obtenue, vous pouvez utiliser la version mobile disponible sur le Play Store ou &#8230; <a title=\"Erbel Bee Test\" class=\"read-more\" href=\"https:\/\/erbel.eus\/fr\/erbel-bee-test-app\/\" aria-label=\"More on Erbel Bee Test\">Read More<\/a><\/p>\n","protected":false},"author":60,"featured_media":0,"parent":0,"menu_order":0,"comment_status":"closed","ping_status":"closed","template":"","meta":{"_bbp_topic_count":0,"_bbp_reply_count":0,"_bbp_total_topic_count":0,"_bbp_total_reply_count":0,"_bbp_voice_count":0,"_bbp_anonymous_reply_count":0,"_bbp_topic_count_hidden":0,"_bbp_reply_count_hidden":0,"_bbp_forum_subforum_count":0,"footnotes":""},"class_list":["post-3356","page","type-page","status-publish"],"yoast_head":"<!-- This site is optimized with the Yoast SEO plugin v26.8 - https:\/\/yoast.com\/product\/yoast-seo-wordpress\/ -->\n<title>Erbel Bee Test &#8226; ERBEL<\/title>\n<meta name=\"robots\" content=\"index, follow, max-snippet:-1, max-image-preview:large, max-video-preview:-1\" \/>\n<link rel=\"canonical\" href=\"https:\/\/erbel.eus\/fr\/erbel-bee-test-app\/\" \/>\n<meta property=\"og:locale\" content=\"fr_FR\" \/>\n<meta property=\"og:type\" content=\"article\" \/>\n<meta property=\"og:title\" content=\"Erbel Bee Test &#8226; ERBEL\" \/>\n<meta property=\"og:description\" content=\"Cliquez pour acc\u00e9der \u00e0 la version web de l\u2019application&#013; : Attention ! Pour acc\u00e9der aux fonctionnalit\u00e9s, l\u2019utilisateur doit disposer de l\u2019autorisation d\u2019ERBEL. Une version gratuite sera disponible au cours de cette ann\u00e9e.&#013; Pour obtenir cette autorisation, \u00e9crivez-nous \u00e0: info@erbel.eus. Une fois l\u2019autorisation obtenue, vous pouvez utiliser la version mobile disponible sur le Play Store ou ... Read More\" \/>\n<meta property=\"og:url\" content=\"https:\/\/erbel.eus\/fr\/erbel-bee-test-app\/\" \/>\n<meta property=\"og:site_name\" content=\"ERBEL\" \/>\n<meta property=\"article:modified_time\" content=\"2026-04-18T08:22:36+00:00\" \/>\n<meta property=\"og:image\" content=\"https:\/\/erbel.eus\/wp-content\/uploads\/2025\/09\/Ataun_APP_7-1024x453.jpg\" \/>\n<meta name=\"twitter:card\" content=\"summary_large_image\" \/>\n<meta name=\"twitter:label1\" content=\"Dur\u00e9e de lecture estim\u00e9e\" \/>\n\t<meta name=\"twitter:data1\" content=\"1 minute\" \/>\n<script type=\"application\/ld+json\" class=\"yoast-schema-graph\">{\"@context\":\"https:\/\/schema.org\",\"@graph\":[{\"@type\":\"WebPage\",\"@id\":\"https:\/\/erbel.eus\/fr\/erbel-bee-test-app\/\",\"url\":\"https:\/\/erbel.eus\/fr\/erbel-bee-test-app\/\",\"name\":\"Erbel Bee Test &#8226; ERBEL\",\"isPartOf\":{\"@id\":\"https:\/\/erbel.eus\/#website\"},\"primaryImageOfPage\":{\"@id\":\"https:\/\/erbel.eus\/fr\/erbel-bee-test-app\/#primaryimage\"},\"image\":{\"@id\":\"https:\/\/erbel.eus\/fr\/erbel-bee-test-app\/#primaryimage\"},\"thumbnailUrl\":\"https:\/\/erbel.eus\/wp-content\/uploads\/2025\/09\/Ataun_APP_7-1024x453.jpg\",\"datePublished\":\"2025-07-28T16:08:53+00:00\",\"dateModified\":\"2026-04-18T08:22:36+00:00\",\"breadcrumb\":{\"@id\":\"https:\/\/erbel.eus\/fr\/erbel-bee-test-app\/#breadcrumb\"},\"inLanguage\":\"fr-FR\",\"potentialAction\":[{\"@type\":\"ReadAction\",\"target\":[\"https:\/\/erbel.eus\/fr\/erbel-bee-test-app\/\"]}]},{\"@type\":\"ImageObject\",\"inLanguage\":\"fr-FR\",\"@id\":\"https:\/\/erbel.eus\/fr\/erbel-bee-test-app\/#primaryimage\",\"url\":\"https:\/\/erbel.eus\/wp-content\/uploads\/2025\/09\/Ataun_APP_7-1024x453.jpg\",\"contentUrl\":\"https:\/\/erbel.eus\/wp-content\/uploads\/2025\/09\/Ataun_APP_7-1024x453.jpg\"},{\"@type\":\"BreadcrumbList\",\"@id\":\"https:\/\/erbel.eus\/fr\/erbel-bee-test-app\/#breadcrumb\",\"itemListElement\":[{\"@type\":\"ListItem\",\"position\":1,\"name\":\"Home\",\"item\":\"https:\/\/erbel.eus\/\"},{\"@type\":\"ListItem\",\"position\":2,\"name\":\"Erbel Bee Test\"}]},{\"@type\":\"WebSite\",\"@id\":\"https:\/\/erbel.eus\/#website\",\"url\":\"https:\/\/erbel.eus\/\",\"name\":\"ERBEL\",\"description\":\" Erle Beltz Hazleen Elkartea - Asociacion de criadores de abeja Erle Beltza - Association d&#039;eleveurs d&#039;abeilles Erle Beltza\",\"publisher\":{\"@id\":\"https:\/\/erbel.eus\/#organization\"},\"potentialAction\":[{\"@type\":\"SearchAction\",\"target\":{\"@type\":\"EntryPoint\",\"urlTemplate\":\"https:\/\/erbel.eus\/?s={search_term_string}\"},\"query-input\":{\"@type\":\"PropertyValueSpecification\",\"valueRequired\":true,\"valueName\":\"search_term_string\"}}],\"inLanguage\":\"fr-FR\"},{\"@type\":\"Organization\",\"@id\":\"https:\/\/erbel.eus\/#organization\",\"name\":\"ERBEL Erle Beltza Hazleen Elkartea\",\"url\":\"https:\/\/erbel.eus\/\",\"logo\":{\"@type\":\"ImageObject\",\"inLanguage\":\"fr-FR\",\"@id\":\"https:\/\/erbel.eus\/#\/schema\/logo\/image\/\",\"url\":\"https:\/\/i0.wp.com\/erbel.eus\/wp-content\/uploads\/2019\/05\/erbel_erleak_denak-beltz.png?fit=300%2C316&ssl=1\",\"contentUrl\":\"https:\/\/i0.wp.com\/erbel.eus\/wp-content\/uploads\/2019\/05\/erbel_erleak_denak-beltz.png?fit=300%2C316&ssl=1\",\"width\":300,\"height\":316,\"caption\":\"ERBEL Erle Beltza Hazleen Elkartea\"},\"image\":{\"@id\":\"https:\/\/erbel.eus\/#\/schema\/logo\/image\/\"},\"sameAs\":[\"https:\/\/www.youtube.com\/channel\/UCNkgIS3GnpMESbnykKUIqgw\"]}]}<\/script>\n<!-- \/ Yoast SEO plugin. -->","yoast_head_json":{"title":"Erbel Bee Test &#8226; ERBEL","robots":{"index":"index","follow":"follow","max-snippet":"max-snippet:-1","max-image-preview":"max-image-preview:large","max-video-preview":"max-video-preview:-1"},"canonical":"https:\/\/erbel.eus\/fr\/erbel-bee-test-app\/","og_locale":"fr_FR","og_type":"article","og_title":"Erbel Bee Test &#8226; ERBEL","og_description":"Cliquez pour acc\u00e9der \u00e0 la version web de l\u2019application&#13; : Attention ! Pour acc\u00e9der aux fonctionnalit\u00e9s, l\u2019utilisateur doit disposer de l\u2019autorisation d\u2019ERBEL. Une version gratuite sera disponible au cours de cette ann\u00e9e.&#13; Pour obtenir cette autorisation, \u00e9crivez-nous \u00e0: info@erbel.eus. Une fois l\u2019autorisation obtenue, vous pouvez utiliser la version mobile disponible sur le Play Store ou ... Read More","og_url":"https:\/\/erbel.eus\/fr\/erbel-bee-test-app\/","og_site_name":"ERBEL","article_modified_time":"2026-04-18T08:22:36+00:00","og_image":[{"url":"https:\/\/erbel.eus\/wp-content\/uploads\/2025\/09\/Ataun_APP_7-1024x453.jpg","type":"","width":"","height":""}],"twitter_card":"summary_large_image","twitter_misc":{"Dur\u00e9e de lecture estim\u00e9e":"1 minute"},"schema":{"@context":"https:\/\/schema.org","@graph":[{"@type":"WebPage","@id":"https:\/\/erbel.eus\/fr\/erbel-bee-test-app\/","url":"https:\/\/erbel.eus\/fr\/erbel-bee-test-app\/","name":"Erbel Bee Test &#8226; ERBEL","isPartOf":{"@id":"https:\/\/erbel.eus\/#website"},"primaryImageOfPage":{"@id":"https:\/\/erbel.eus\/fr\/erbel-bee-test-app\/#primaryimage"},"image":{"@id":"https:\/\/erbel.eus\/fr\/erbel-bee-test-app\/#primaryimage"},"thumbnailUrl":"https:\/\/erbel.eus\/wp-content\/uploads\/2025\/09\/Ataun_APP_7-1024x453.jpg","datePublished":"2025-07-28T16:08:53+00:00","dateModified":"2026-04-18T08:22:36+00:00","breadcrumb":{"@id":"https:\/\/erbel.eus\/fr\/erbel-bee-test-app\/#breadcrumb"},"inLanguage":"fr-FR","potentialAction":[{"@type":"ReadAction","target":["https:\/\/erbel.eus\/fr\/erbel-bee-test-app\/"]}]},{"@type":"ImageObject","inLanguage":"fr-FR","@id":"https:\/\/erbel.eus\/fr\/erbel-bee-test-app\/#primaryimage","url":"https:\/\/erbel.eus\/wp-content\/uploads\/2025\/09\/Ataun_APP_7-1024x453.jpg","contentUrl":"https:\/\/erbel.eus\/wp-content\/uploads\/2025\/09\/Ataun_APP_7-1024x453.jpg"},{"@type":"BreadcrumbList","@id":"https:\/\/erbel.eus\/fr\/erbel-bee-test-app\/#breadcrumb","itemListElement":[{"@type":"ListItem","position":1,"name":"Home","item":"https:\/\/erbel.eus\/"},{"@type":"ListItem","position":2,"name":"Erbel Bee Test"}]},{"@type":"WebSite","@id":"https:\/\/erbel.eus\/#website","url":"https:\/\/erbel.eus\/","name":"ERBEL","description":" Erle Beltz Hazleen Elkartea - Asociacion de criadores de abeja Erle Beltza - Association d&#039;eleveurs d&#039;abeilles Erle Beltza","publisher":{"@id":"https:\/\/erbel.eus\/#organization"},"potentialAction":[{"@type":"SearchAction","target":{"@type":"EntryPoint","urlTemplate":"https:\/\/erbel.eus\/?s={search_term_string}"},"query-input":{"@type":"PropertyValueSpecification","valueRequired":true,"valueName":"search_term_string"}}],"inLanguage":"fr-FR"},{"@type":"Organization","@id":"https:\/\/erbel.eus\/#organization","name":"ERBEL Erle Beltza Hazleen Elkartea","url":"https:\/\/erbel.eus\/","logo":{"@type":"ImageObject","inLanguage":"fr-FR","@id":"https:\/\/erbel.eus\/#\/schema\/logo\/image\/","url":"https:\/\/i0.wp.com\/erbel.eus\/wp-content\/uploads\/2019\/05\/erbel_erleak_denak-beltz.png?fit=300%2C316&ssl=1","contentUrl":"https:\/\/i0.wp.com\/erbel.eus\/wp-content\/uploads\/2019\/05\/erbel_erleak_denak-beltz.png?fit=300%2C316&ssl=1","width":300,"height":316,"caption":"ERBEL Erle Beltza Hazleen Elkartea"},"image":{"@id":"https:\/\/erbel.eus\/#\/schema\/logo\/image\/"},"sameAs":["https:\/\/www.youtube.com\/channel\/UCNkgIS3GnpMESbnykKUIqgw"]}]}},"jetpack_sharing_enabled":true,"_links":{"self":[{"href":"https:\/\/erbel.eus\/fr\/wp-json\/wp\/v2\/pages\/3356","targetHints":{"allow":["GET"]}}],"collection":[{"href":"https:\/\/erbel.eus\/fr\/wp-json\/wp\/v2\/pages"}],"about":[{"href":"https:\/\/erbel.eus\/fr\/wp-json\/wp\/v2\/types\/page"}],"author":[{"embeddable":true,"href":"https:\/\/erbel.eus\/fr\/wp-json\/wp\/v2\/users\/60"}],"replies":[{"embeddable":true,"href":"https:\/\/erbel.eus\/fr\/wp-json\/wp\/v2\/comments?post=3356"}],"version-history":[{"count":43,"href":"https:\/\/erbel.eus\/fr\/wp-json\/wp\/v2\/pages\/3356\/revisions"}],"predecessor-version":[{"id":3884,"href":"https:\/\/erbel.eus\/fr\/wp-json\/wp\/v2\/pages\/3356\/revisions\/3884"}],"wp:attachment":[{"href":"https:\/\/erbel.eus\/fr\/wp-json\/wp\/v2\/media?parent=3356"}],"curies":[{"name":"wp","href":"https:\/\/api.w.org\/{rel}","templated":true}]}}